{"id":946,"date":"2020-01-13T11:17:52","date_gmt":"2020-01-13T11:17:52","guid":{"rendered":"https:\/\/demosites.io\/marketing-agency-gb\/?page_id=5"},"modified":"2026-04-23T08:56:16","modified_gmt":"2026-04-23T01:56:16","slug":"bcd31-home","status":"publish","type":"page","link":"https:\/\/kiemtra.io.vn\/","title":{"rendered":"Trang ch\u1ee7"},"content":{"rendered":"\n<div class=\"wp-block-cover alignfull\" style=\"min-height:800px;aspect-ratio:unset;\"><img loading=\"lazy\" decoding=\"async\" width=\"1640\" height=\"922\" class=\"wp-block-cover__image-background wp-image-608\" alt=\"\" src=\"http:\/\/kiemtra.io.vn\/wp-content\/uploads\/2024\/05\/neve-hero-2.png\" style=\"object-position:50% 72%\" data-object-fit=\"cover\" data-object-position=\"50% 72%\" srcset=\"https:\/\/kiemtra.io.vn\/wp-content\/uploads\/2024\/05\/neve-hero-2.png 1640w, https:\/\/kiemtra.io.vn\/wp-content\/uploads\/2024\/05\/neve-hero-2-300x169.png 300w\" sizes=\"auto, (max-width: 1640px) 100vw, 1640px\" \/><span aria-hidden=\"true\" class=\"wp-block-cover__background has-background-dim-0 has-background-dim\"><\/span><div class=\"wp-block-cover__inner-container is-layout-flow wp-block-cover-is-layout-flow\">\n<div class=\"wp-block-columns are-vertically-aligned-center is-layout-flex wp-container-core-columns-is-layout-9d6595d7 wp-block-columns-is-layout-flex\">\n<div class=\"wp-block-column is-vertically-aligned-center is-layout-flow wp-block-column-is-layout-flow\" style=\"padding-right:var(--wp--preset--spacing--20);padding-left:var(--wp--preset--spacing--20);flex-basis:65%\">\n<div style=\"height:80px\" aria-hidden=\"true\" class=\"wp-block-spacer\"><\/div>\n\n\n\n<h2 class=\"wp-block-heading has-text-align-left has-nv-text-dark-bg-color has-text-color\">H\u1ec6 TH\u1ed0NG KI\u1ec2M TRA \u0110\u00c1NH GI\u00c1 TR\u1ef0C TUY\u1ebeN<\/h2>\n\n\n\n<p class=\"has-text-align-left has-nv-text-dark-bg-color has-text-color\" style=\"font-size:17px\">Th\u1ea7y S\u01a1n ch\u00e0o m\u1eebng c\u00e1c em \u0111\u1ebfn v\u1edbi h\u1ec7 th\u1ed1ng ki\u1ec3m tra \u0111\u00e1nh gi\u00e1 tr\u1ef1c tuy\u1ebfn b\u1ed9 m\u00f4n c\u00f4ng ngh\u1ec7, tin h\u1ecdc, gi\u00e1o d\u1ee5c \u0111\u1ecba ph\u01b0\u01a1ng. Ch\u00fac c\u00e1c em ho\u00e0n th\u00e0nh t\u1ed1t c\u00e1c b\u00e0i ki\u1ec3m tra \u0111\u00e1nh gi\u00e1 tr\u1ef1c tuy\u1ebfn.<\/p>\n\n\n\n<div class=\"wp-block-buttons is-horizontal is-content-justification-left is-layout-flex wp-container-core-buttons-is-layout-7e5fce0a wp-block-buttons-is-layout-flex\">\n<div class=\"wp-block-button is-style-primary\"><a class=\"wp-block-button__link has-text-color has-background has-link-color wp-element-button\" href=\"https:\/\/forms.cloud.microsoft\/r\/twnTMG5PSM\" style=\"color:#0a2279;background-color:#ffffff\">M\u1eddi v\u00e0o \u0111\u00e2y ki\u1ec3m Tra Cu\u1ed1i HK2 C\u00f4ng Ngh\u1ec7 12<\/a><\/div>\n<\/div>\n\n\n\n<div style=\"height:100px\" aria-hidden=\"true\" class=\"wp-block-spacer\"><\/div>\n<\/div>\n\n\n\n<div class=\"wp-block-column is-vertically-aligned-center is-layout-flow wp-block-column-is-layout-flow\">\n<figure class=\"wp-block-image size-full\"><img loading=\"lazy\" decoding=\"async\" width=\"1361\" height=\"2048\" src=\"http:\/\/kiemtra.io.vn\/wp-content\/uploads\/2024\/09\/Thay-Son-1.png\" alt=\"\" class=\"wp-image-959\" srcset=\"https:\/\/kiemtra.io.vn\/wp-content\/uploads\/2024\/09\/Thay-Son-1.png 1361w, https:\/\/kiemtra.io.vn\/wp-content\/uploads\/2024\/09\/Thay-Son-1-199x300.png 199w, https:\/\/kiemtra.io.vn\/wp-content\/uploads\/2024\/09\/Thay-Son-1-681x1024.png 681w, https:\/\/kiemtra.io.vn\/wp-content\/uploads\/2024\/09\/Thay-Son-1-768x1156.png 768w, https:\/\/kiemtra.io.vn\/wp-content\/uploads\/2024\/09\/Thay-Son-1-1021x1536.png 1021w\" sizes=\"auto, (max-width: 1361px) 100vw, 1361px\" \/><\/figure>\n<\/div>\n<\/div>\n<\/div><\/div>\n\n\n\n<div class=\"wp-block-cover alignfull\" style=\"min-height:600px;aspect-ratio:unset;\"><span aria-hidden=\"true\" class=\"wp-block-cover__background has-nv-light-bg-background-color has-background-dim-80 has-background-dim\"><\/span><div class=\"wp-block-cover__inner-container is-layout-flow wp-block-cover-is-layout-flow\">\n<div class=\"wp-block-group\"><div class=\"wp-block-group__inner-container is-layout-flow wp-block-group-is-layout-flow\">\n<div class=\"wp-block-columns are-vertically-aligned-center is-layout-flex wp-container-core-columns-is-layout-9d6595d7 wp-block-columns-is-layout-flex\">\n<div class=\"wp-block-column is-vertically-aligned-center is-layout-flow wp-block-column-is-layout-flow\" style=\"padding-right:var(--wp--preset--spacing--30);padding-left:var(--wp--preset--spacing--30);flex-basis:50%\">\n<figure class=\"wp-block-image size-full has-custom-border\"><a href=\"https:\/\/kiemtra.io.vn\/index.php\/bcd31-portfolio-single\/\"><img loading=\"lazy\" decoding=\"async\" width=\"600\" height=\"600\" src=\"http:\/\/kiemtra.io.vn\/wp-content\/uploads\/2024\/05\/neve-marketing-agency-15.png\" alt=\"\" class=\"wp-image-708\" style=\"border-radius:16px\" srcset=\"https:\/\/kiemtra.io.vn\/wp-content\/uploads\/2024\/05\/neve-marketing-agency-15.png 600w, https:\/\/kiemtra.io.vn\/wp-content\/uploads\/2024\/05\/neve-marketing-agency-15-300x300.png 300w, https:\/\/kiemtra.io.vn\/wp-content\/uploads\/2024\/05\/neve-marketing-agency-15-150x150.png 150w\" sizes=\"auto, (max-width: 600px) 100vw, 600px\" \/><\/a><\/figure>\n\n\n\n<div style=\"height:24px\" aria-hidden=\"true\" class=\"wp-block-spacer\"><\/div>\n\n\n\n<h3 class=\"wp-block-heading has-text-align-center has-neve-text-color-color has-text-color\">M\u00f4n C\u00f4ng Ngh\u1ec7<\/h3>\n\n\n\n<div style=\"height:40px\" aria-hidden=\"true\" class=\"wp-block-spacer\"><\/div>\n<\/div>\n\n\n\n<div class=\"wp-block-column is-vertically-aligned-center is-layout-flow wp-block-column-is-layout-flow\" style=\"padding-right:var(--wp--preset--spacing--30);padding-left:var(--wp--preset--spacing--30);flex-basis:50%\">\n<figure class=\"wp-block-image size-full has-custom-border\"><a href=\"https:\/\/kiemtra.io.vn\/index.php\/bcd31-portfolio-single\/\"><img loading=\"lazy\" decoding=\"async\" width=\"600\" height=\"600\" src=\"http:\/\/kiemtra.io.vn\/wp-content\/uploads\/2024\/05\/neve-marketing-agency-13.png\" alt=\"\" class=\"wp-image-706\" style=\"border-radius:16px\" srcset=\"https:\/\/kiemtra.io.vn\/wp-content\/uploads\/2024\/05\/neve-marketing-agency-13.png 600w, https:\/\/kiemtra.io.vn\/wp-content\/uploads\/2024\/05\/neve-marketing-agency-13-300x300.png 300w, https:\/\/kiemtra.io.vn\/wp-content\/uploads\/2024\/05\/neve-marketing-agency-13-150x150.png 150w\" sizes=\"auto, (max-width: 600px) 100vw, 600px\" \/><\/a><\/figure>\n\n\n\n<div style=\"height:24px\" aria-hidden=\"true\" class=\"wp-block-spacer\"><\/div>\n\n\n\n<h3 class=\"wp-block-heading has-text-align-center has-neve-text-color-color has-text-color\">M\u00f4n Tin H\u1ecdc<\/h3>\n\n\n\n<div style=\"height:40px\" aria-hidden=\"true\" class=\"wp-block-spacer\"><\/div>\n<\/div>\n<\/div>\n<\/div><\/div>\n<\/div><\/div>\n\n\n\n<p><\/p>\n","protected":false},"excerpt":{"rendered":"","protected":false},"author":1,"featured_media":0,"parent":0,"menu_order":0,"comment_status":"closed","ping_status":"closed","template":"","meta":{"neve_meta_sidebar":"default","neve_meta_container":"default","neve_meta_enable_content_width":"on","neve_meta_content_width":100,"neve_meta_title_alignment":"","neve_meta_author_avatar":"","neve_post_elements_order":"","neve_meta_disable_header":"","neve_meta_disable_footer":"","neve_meta_disable_title":"on","_themeisle_gutenberg_block_has_review":false,"_ti_tpc_template_sync":false,"_ti_tpc_template_id":"5udqur826ojgsxrmsxsc","footnotes":""},"class_list":["post-946","page","type-page","status-publish","hentry"],"_links":{"self":[{"href":"https:\/\/kiemtra.io.vn\/index.php\/wp-json\/wp\/v2\/pages\/946","targetHints":{"allow":["GET"]}}],"collection":[{"href":"https:\/\/kiemtra.io.vn\/index.php\/wp-json\/wp\/v2\/pages"}],"about":[{"href":"https:\/\/kiemtra.io.vn\/index.php\/wp-json\/wp\/v2\/types\/page"}],"author":[{"embeddable":true,"href":"https:\/\/kiemtra.io.vn\/index.php\/wp-json\/wp\/v2\/users\/1"}],"replies":[{"embeddable":true,"href":"https:\/\/kiemtra.io.vn\/index.php\/wp-json\/wp\/v2\/comments?post=946"}],"version-history":[{"count":24,"href":"https:\/\/kiemtra.io.vn\/index.php\/wp-json\/wp\/v2\/pages\/946\/revisions"}],"predecessor-version":[{"id":1063,"href":"https:\/\/kiemtra.io.vn\/index.php\/wp-json\/wp\/v2\/pages\/946\/revisions\/1063"}],"wp:attachment":[{"href":"https:\/\/kiemtra.io.vn\/index.php\/wp-json\/wp\/v2\/media?parent=946"}],"curies":[{"name":"wp","href":"https:\/\/api.w.org\/{rel}","templated":true}]}}